{"id":2199,"date":"2017-10-03T21:01:39","date_gmt":"2017-10-03T21:01:39","guid":{"rendered":"http:\/\/export-1.test-tangibledesign.net\/?page_id=2199"},"modified":"2022-09-25T14:35:37","modified_gmt":"2022-09-25T11:35:37","slug":"services","status":"publish","type":"page","link":"https:\/\/duerealestate.com\/et\/services\/","title":{"rendered":"Teenused"},"content":{"rendered":"<p>[vc_row full_width=&#8221;stretch_row&#8221; css=&#8221;.vc_custom_1579420767104{margin-bottom: 24px !important;}&#8221;][vc_column][vc_column_text]<\/p>\n<h5>Koosk\u00f5las meie missiooni, visiooni ja p\u00f5hiv\u00e4\u00e4rtuste kaudu kujundatud k\u00f5rge kvaliteedipoliitikaga, usume ka meie toodete ja teenuste loodud klientide rahulolu tohutusse t\u00e4htsusesse.<\/h5>\n<p>Et pakkuda teile parimat v\u00f5imalikku teenust, oleme ettev\u00f5ttes <strong>Due Real Estate<\/strong> tugevdanud oma p\u00fchendumust klientide rahulolule \u00fcldiste strateegiate ja j\u00f5upingutuste abil, mille eesm\u00e4rk on parandada kliendisuhete protsesse.[\/vc_column_text]<div class=\"mh-heading-wrapper--left \">\r\n\t\r\n        <div class=\"mh-heading-wrapper\">\r\n            <h4            class=\"mh-heading  mh-heading--bottom-separator   \"\r\n            style=\"font-weight:700;\">\r\n\t\t\tMeie teenus teile!        <\/h4>\r\n\r\n\t\t    <\/div>\r\n\r\n\t<\/div>[vc_column_text]Pakume erit\u00fc\u00fcpi teenust.<br \/>\nMeiega olete kindlates k\u00e4tes. Nautige oma v\u00e4\u00e4rtuslikku aega. Mida iganes te vajate, oleme teie jaoks olemas.[\/vc_column_text][\/vc_column][\/vc_row][vc_row][vc_column width=&#8221;1\/3&#8243;]\n<div id=\"interactive-banner-1-wrap-5833\" class=\"ult-banner-block ult-adjust-bottom-margin ult-bb-box ult-banner-block-custom-height banner-style01 \"   style=\"height:240px;\">\n\t<img decoding=\"async\" src=\"https:\/\/duerealestate.com\/wp-content\/uploads\/2021\/12\/tapu.jpg\" alt=\"null\">\n\t<h2  data-ultimate-target='#interactive-banner-1-wrap-5833 .bb-top-title '  data-responsive-json-new='{\"font-size\":\"\",\"line-height\":\"\"}'  class=\"title-left bb-top-title ult-responsive\" style=\"font-weight:normal;background:#242424;color:#ffffff;\">Tapu (omandi\u00f5igus)<\/h2>\n\t<div class=\"mask opaque-background\" style=\"background:#dd9933;\">\n\t\t<div  data-ultimate-target='#interactive-banner-1-wrap-5833 .bb-description'  data-responsive-json-new='{\"font-size\":\"\",\"line-height\":\"\"}'  class=\"bb-description ult-responsive\" style=\"font-weight:normal;color:#ffffff;\">Juriidiline registreerimine v\u00f5i Tapu, nagu seda t\u00fcrgi keeles nimetatakse, on kinnisvara omandamise ametlik registreerimine ja see on ainus t\u00f5end, et olete ostetava kinnisvara omanik.<\/div>\n\t<\/div><a class=\"bb-link\" href=\"\/et\/services\/tapu-title-deed\/\" title=\"Tapu (Title deed)\" ><\/a>\n<\/div>[\/vc_column][vc_column width=&#8221;1\/3&#8243;]\n<div id=\"interactive-banner-1-wrap-7474\" class=\"ult-banner-block ult-adjust-bottom-margin ult-bb-box ult-banner-block-custom-height banner-style01 \"   style=\"height:240px;\">\n\t<img decoding=\"async\" src=\"https:\/\/duerealestate.com\/wp-content\/uploads\/2021\/12\/service_after_sale.jpg\" alt=\"null\">\n\t<h2  data-ultimate-target='#interactive-banner-1-wrap-7474 .bb-top-title '  data-responsive-json-new='{\"font-size\":\"\",\"line-height\":\"\"}'  class=\"title-left bb-top-title ult-responsive\" style=\"font-weight:normal;background:#242424;color:#ffffff;\">P\u00e4rast seda, kui ostsite oma kodu T\u00fcrgis<\/h2>\n\t<div class=\"mask opaque-background\" style=\"background:#dd9933;\">\n\t\t<div  data-ultimate-target='#interactive-banner-1-wrap-7474 .bb-description'  data-responsive-json-new='{\"font-size\":\"\",\"line-height\":\"\"}'  class=\"bb-description ult-responsive\" style=\"font-weight:normal;color:#ffffff;\">Ettev\u00f5ttes ``Due Real Estate`` usume, et klienditeenindus ei ole ainult osa meie \u00e4rist, vaid teenindus on meie t\u00f6\u00f6.<\/div>\n\t<\/div><a class=\"bb-link\" href=\"\/et\/services\/after-sales-service\/\" title=\"After you bought your home in Turkey\" ><\/a>\n<\/div>[\/vc_column][vc_column width=&#8221;1\/3&#8243;]\n<div id=\"interactive-banner-1-wrap-7872\" class=\"ult-banner-block ult-adjust-bottom-margin ult-bb-box ult-banner-block-custom-height banner-style01 \"   style=\"height:240px;\">\n\t<img decoding=\"async\" src=\"https:\/\/duerealestate.com\/wp-content\/uploads\/2021\/12\/mobler.jpg\" alt=\"null\">\n\t<h2  data-ultimate-target='#interactive-banner-1-wrap-7872 .bb-top-title '  data-responsive-json-new='{\"font-size\":\"\",\"line-height\":\"\"}'  class=\"title-left bb-top-title ult-responsive\" style=\"font-weight:normal;background:#242424;color:#ffffff;\">Kinnisvarahaldus<\/h2>\n\t<div class=\"mask opaque-background\" style=\"background:#dd9933;\">\n\t\t<div  data-ultimate-target='#interactive-banner-1-wrap-7872 .bb-description'  data-responsive-json-new='{\"font-size\":\"\",\"line-height\":\"\"}'  class=\"bb-description ult-responsive\" style=\"font-weight:normal;color:#ffffff;\">``Due Real Estate`` aitab m\u00f6\u00f6bli ja kodusisustuse ostmisel. Meie m\u00fc\u00fcgij\u00e4rgne meeskond viib teid valitud kauplustesse, mis pakuvad head kvaliteeti ja teenust ilma lisatasuta.<\/div>\n\t<\/div><a class=\"bb-link\" href=\"\/et\/services\/property-management\/\" title=\"Furniture and Interior\" ><\/a>\n<\/div>[\/vc_column][\/vc_row][vc_row][vc_column][vc_empty_space][\/vc_column][\/vc_row]<\/p>\n","protected":false},"excerpt":{"rendered":"<p>[vc_row full_width=&#8221;stretch_row&#8221; css=&#8221;.vc_custom_1579420767104{margin-bottom: 24px !important;}&#8221;][vc_column][vc_column_text] Koosk\u00f5las meie missiooni, visiooni ja p\u00f5hiv\u00e4\u00e4rtuste kaudu kujundatud k\u00f5rge kvaliteedipoliitikaga, usume ka meie toodete ja teenuste loodud klientide rahulolu tohutusse t\u00e4htsusesse. Et pakkuda teile parimat v\u00f5imalikku teenust, oleme ettev\u00f5ttes Due Real Estate tugevdanud oma p\u00fchendumust klientide rahulolule \u00fcldiste strateegiate ja j\u00f5upingutuste abil, mille eesm\u00e4rk on parandada kliendisuhete protsesse.[\/vc_column_text][vc_column_text]Pakume erit\u00fc\u00fcpi teenust. [&hellip;]<\/p>\n","protected":false},"author":22,"featured_media":0,"parent":0,"menu_order":0,"comment_status":"closed","ping_status":"closed","template":"page_full-width-with-top-title.php","meta":{"footnotes":""},"class_list":["post-2199","page","type-page","status-publish","hentry"],"acf":[],"_links":{"self":[{"href":"https:\/\/duerealestate.com\/et\/wp-json\/wp\/v2\/pages\/2199","targetHints":{"allow":["GET"]}}],"collection":[{"href":"https:\/\/duerealestate.com\/et\/wp-json\/wp\/v2\/pages"}],"about":[{"href":"https:\/\/duerealestate.com\/et\/wp-json\/wp\/v2\/types\/page"}],"author":[{"embeddable":true,"href":"https:\/\/duerealestate.com\/et\/wp-json\/wp\/v2\/users\/22"}],"replies":[{"embeddable":true,"href":"https:\/\/duerealestate.com\/et\/wp-json\/wp\/v2\/comments?post=2199"}],"version-history":[{"count":4,"href":"https:\/\/duerealestate.com\/et\/wp-json\/wp\/v2\/pages\/2199\/revisions"}],"predecessor-version":[{"id":15317,"href":"https:\/\/duerealestate.com\/et\/wp-json\/wp\/v2\/pages\/2199\/revisions\/15317"}],"wp:attachment":[{"href":"https:\/\/duerealestate.com\/et\/wp-json\/wp\/v2\/media?parent=2199"}],"curies":[{"name":"wp","href":"https:\/\/api.w.org\/{rel}","templated":true}]}}