{"id":2706,"date":"2018-06-16T12:55:07","date_gmt":"2018-06-16T12:55:07","guid":{"rendered":"https:\/\/myhometheme.net\/market\/?page_id=2706"},"modified":"2022-09-25T12:43:39","modified_gmt":"2022-09-25T09:43:39","slug":"after-sales-service","status":"publish","type":"page","link":"https:\/\/duerealestate.com\/et\/services\/after-sales-service\/","title":{"rendered":"M\u00fc\u00fcgij\u00e4rgne teenindus"},"content":{"rendered":"<p>[vc_row][vc_column width=&#8221;1\/3&#8243;][vc_single_image image=&#8221;3473&#8243; img_size=&#8221;medium&#8221; onclick=&#8221;link_image&#8221;][\/vc_column][vc_column width=&#8221;2\/3&#8243;][vc_column_text]<em><strong>Teist on saanud Alanya kinnisvara omanik.<\/strong><\/em><br \/>\n<em><strong>N\u00fc\u00fcd on teie m\u00f5tted h\u00f5ivatud selle \u00fcle, kuidas korraldada, kuidas anda oma Vahemere-\u00e4\u00e4rsele majale\/korterile hubasust ja mugavust.<\/strong><\/em>[\/vc_column_text][\/vc_column][\/vc_row][vc_row][vc_column][vc_column_text]Peale kinnisvara soetamist Alanyas tekivad uued \u00fclesanded: vee ja elektri abonemendi arvete hankimine, m\u00f6\u00f6bli ja kodutehnikaga sisustamine ning muud tavalised majapidamisk\u00fcsimused, mida v\u00e4lismaalane iseseisvalt ja efektiivselt lahendada ei suuda. Siin on vaja spetsialisti abi!<\/p>\n<p>Ettev\u00f5tte m\u00fc\u00fcgij\u00e4rgse teeninduse osakond aitab teid hea meelega k\u00f5igi \u00fclesannete t\u00e4itmisel:<\/p>\n<ul>\n<li>Asjade transport<\/li>\n<li>Abonemendilepingute s\u00f5lmimine veevarustuse, energiavarustuse, juhtme- ja mobiiltelefoniteenuste osutamiseks<\/li>\n<li>Puhastamine<\/li>\n<li>Disainer renoveerimine<\/li>\n<li>M\u00f6\u00f6bli, kodumasinate ost<\/li>\n<\/ul>\n<p>Austame oma klientide soove ja hoolitseme alati selle eest, et k\u00f5ik saaks tehtud kvaliteetselt, vigadeta ja \u00f5igeaegselt.[\/vc_column_text][\/vc_column][\/vc_row]<\/p>\n","protected":false},"excerpt":{"rendered":"<p>[vc_row][vc_column width=&#8221;1\/3&#8243;][vc_single_image image=&#8221;3473&#8243; img_size=&#8221;medium&#8221; onclick=&#8221;link_image&#8221;][\/vc_column][vc_column width=&#8221;2\/3&#8243;][vc_column_text]Teist on saanud Alanya kinnisvara omanik. N\u00fc\u00fcd on teie m\u00f5tted h\u00f5ivatud selle \u00fcle, kuidas korraldada, kuidas anda oma Vahemere-\u00e4\u00e4rsele majale\/korterile hubasust ja mugavust.[\/vc_column_text][\/vc_column][\/vc_row][vc_row][vc_column][vc_column_text]Peale kinnisvara soetamist Alanyas tekivad uued \u00fclesanded: vee ja elektri abonemendi arvete hankimine, m\u00f6\u00f6bli ja kodutehnikaga sisustamine ning muud tavalised majapidamisk\u00fcsimused, mida v\u00e4lismaalane iseseisvalt ja efektiivselt lahendada ei [&hellip;]<\/p>\n","protected":false},"author":22,"featured_media":3473,"parent":2199,"menu_order":0,"comment_status":"closed","ping_status":"closed","template":"page_right-sidebar-with-top-title.php","meta":{"footnotes":""},"class_list":["post-2706","page","type-page","status-publish","has-post-thumbnail","hentry"],"acf":[],"_links":{"self":[{"href":"https:\/\/duerealestate.com\/et\/wp-json\/wp\/v2\/pages\/2706","targetHints":{"allow":["GET"]}}],"collection":[{"href":"https:\/\/duerealestate.com\/et\/wp-json\/wp\/v2\/pages"}],"about":[{"href":"https:\/\/duerealestate.com\/et\/wp-json\/wp\/v2\/types\/page"}],"author":[{"embeddable":true,"href":"https:\/\/duerealestate.com\/et\/wp-json\/wp\/v2\/users\/22"}],"replies":[{"embeddable":true,"href":"https:\/\/duerealestate.com\/et\/wp-json\/wp\/v2\/comments?post=2706"}],"version-history":[{"count":4,"href":"https:\/\/duerealestate.com\/et\/wp-json\/wp\/v2\/pages\/2706\/revisions"}],"predecessor-version":[{"id":15312,"href":"https:\/\/duerealestate.com\/et\/wp-json\/wp\/v2\/pages\/2706\/revisions\/15312"}],"up":[{"embeddable":true,"href":"https:\/\/duerealestate.com\/et\/wp-json\/wp\/v2\/pages\/2199"}],"wp:featuredmedia":[{"embeddable":true,"href":"https:\/\/duerealestate.com\/et\/wp-json\/wp\/v2\/media\/3473"}],"wp:attachment":[{"href":"https:\/\/duerealestate.com\/et\/wp-json\/wp\/v2\/media?parent=2706"}],"curies":[{"name":"wp","href":"https:\/\/api.w.org\/{rel}","templated":true}]}}