{"id":2708,"date":"2018-06-16T12:55:31","date_gmt":"2018-06-16T12:55:31","guid":{"rendered":"https:\/\/myhometheme.net\/market\/?page_id=2708"},"modified":"2022-09-25T12:44:46","modified_gmt":"2022-09-25T09:44:46","slug":"property-management","status":"publish","type":"page","link":"https:\/\/duerealestate.com\/et\/services\/property-management\/","title":{"rendered":"Kinnisvarahaldus"},"content":{"rendered":"<p>[vc_row][vc_column width=&#8221;1\/3&#8243;][vc_single_image image=&#8221;3340&#8243; img_size=&#8221;large&#8221; onclick=&#8221;link_image&#8221;][\/vc_column][vc_column width=&#8221;2\/3&#8243;][vc_column_text]T\u00fcrgis oma kinnisvara p\u00e4deva haldaja valimine on oluline tegur, mis m\u00f5jutab teie maja\/korteri edasist seisukorda.<\/p>\n<p>Iga kinnisvaraomanik eeldab juhilt k\u00f5rget vastutustundlikkust, vastutustunnet ja \u00e4rialaseid teadmisi.[\/vc_column_text][\/vc_column][\/vc_row][vc_row][vc_column][vc_column_text]T\u00fcrgis oma kinnisvara p\u00e4deva haldaja valimine on oluline tegur, mis m\u00f5jutab teie maja\/korteri edasist seisukorda.<\/p>\n<p>Iga kinnisvaraomanik eeldab juhilt k\u00f5rget vastutustundlikkust, vastutustunnet ja \u00e4rialaseid teadmisi.<\/p>\n<p>Due Real Estate pakub oma klientidele Alanyas individuaalset kinnisvarahaldust eesm\u00e4rgiga tagada objekti suurep\u00e4rane toimimine, v\u00e4hendades selle hoolduskulusid ja suurendades selle kasutamisest saadavat kasumit.<\/p>\n<p>Kinnisvarahaldusteenuse pakett sisaldab (kohandused on lubatud):<\/p>\n<ul>\n<li>igakuine teie kinnisvara seisukorra j\u00e4lgimine<\/li>\n<li>elektri, vee, telefoni, kommunaalteenuste jooksvate maksete tasumine<\/li>\n<li>aastase kinnisvaramaksu tasumine<\/li>\n<li>\u00fclekande korraldamine<\/li>\n<li>oma vara koristamise korraldamine<\/li>\n<li>abi remondi, t\u00f5rkeotsingu jms t\u00f6\u00f6del.<\/li>\n<li>oma kinnisvara rentimine<\/li>\n<\/ul>\n<blockquote><p>Dee Real Estate&#8217;iga kinnisvara ostmisel on soetatud objekti haldamise esimesed 6 kuud tasuta !!!!<\/p><\/blockquote>\n<p>[\/vc_column_text][\/vc_column][\/vc_row]<\/p>\n","protected":false},"excerpt":{"rendered":"<p>[vc_row][vc_column width=&#8221;1\/3&#8243;][vc_single_image image=&#8221;3340&#8243; img_size=&#8221;large&#8221; onclick=&#8221;link_image&#8221;][\/vc_column][vc_column width=&#8221;2\/3&#8243;][vc_column_text]T\u00fcrgis oma kinnisvara p\u00e4deva haldaja valimine on oluline tegur, mis m\u00f5jutab teie maja\/korteri edasist seisukorda. Iga kinnisvaraomanik eeldab juhilt k\u00f5rget vastutustundlikkust, vastutustunnet ja \u00e4rialaseid teadmisi.[\/vc_column_text][\/vc_column][\/vc_row][vc_row][vc_column][vc_column_text]T\u00fcrgis oma kinnisvara p\u00e4deva haldaja valimine on oluline tegur, mis m\u00f5jutab teie maja\/korteri edasist seisukorda. Iga kinnisvaraomanik eeldab juhilt k\u00f5rget vastutustundlikkust, vastutustunnet ja \u00e4rialaseid teadmisi. Due [&hellip;]<\/p>\n","protected":false},"author":22,"featured_media":3485,"parent":2199,"menu_order":0,"comment_status":"closed","ping_status":"closed","template":"page_right-sidebar-with-top-title.php","meta":{"footnotes":""},"class_list":["post-2708","page","type-page","status-publish","has-post-thumbnail","hentry"],"acf":[],"_links":{"self":[{"href":"https:\/\/duerealestate.com\/et\/wp-json\/wp\/v2\/pages\/2708","targetHints":{"allow":["GET"]}}],"collection":[{"href":"https:\/\/duerealestate.com\/et\/wp-json\/wp\/v2\/pages"}],"about":[{"href":"https:\/\/duerealestate.com\/et\/wp-json\/wp\/v2\/types\/page"}],"author":[{"embeddable":true,"href":"https:\/\/duerealestate.com\/et\/wp-json\/wp\/v2\/users\/22"}],"replies":[{"embeddable":true,"href":"https:\/\/duerealestate.com\/et\/wp-json\/wp\/v2\/comments?post=2708"}],"version-history":[{"count":4,"href":"https:\/\/duerealestate.com\/et\/wp-json\/wp\/v2\/pages\/2708\/revisions"}],"predecessor-version":[{"id":15313,"href":"https:\/\/duerealestate.com\/et\/wp-json\/wp\/v2\/pages\/2708\/revisions\/15313"}],"up":[{"embeddable":true,"href":"https:\/\/duerealestate.com\/et\/wp-json\/wp\/v2\/pages\/2199"}],"wp:featuredmedia":[{"embeddable":true,"href":"https:\/\/duerealestate.com\/et\/wp-json\/wp\/v2\/media\/3485"}],"wp:attachment":[{"href":"https:\/\/duerealestate.com\/et\/wp-json\/wp\/v2\/media?parent=2708"}],"curies":[{"name":"wp","href":"https:\/\/api.w.org\/{rel}","templated":true}]}}