{"id":2732,"date":"2018-06-16T17:33:04","date_gmt":"2018-06-16T17:33:04","guid":{"rendered":"https:\/\/myhometheme.net\/market\/?page_id=2732"},"modified":"2022-09-25T12:46:01","modified_gmt":"2022-09-25T09:46:01","slug":"tapu-title-deed","status":"publish","type":"page","link":"https:\/\/duerealestate.com\/et\/services\/tapu-title-deed\/","title":{"rendered":"Tapu (omandi\u00f5igus)"},"content":{"rendered":"<p>[vc_row][vc_column width=&#8221;1\/3&#8243;][vc_single_image image=&#8221;3465&#8243; img_size=&#8221;medium&#8221; onclick=&#8221;link_image&#8221;][\/vc_column][vc_column width=&#8221;2\/3&#8243;]<div class=\"mh-heading-wrapper--left \">\r\n\t\r\n        <div class=\"mh-heading-wrapper\">\r\n            <h4            class=\"mh-heading  mh-heading--bottom-separator   \"\r\n            style=\"font-weight:700;\">\r\n\t\t\tTapu (omandi\u00f5igus)        <\/h4>\r\n\r\n\t\t    <\/div>\r\n\r\n\t<\/div>[vc_column_text]T\u00fcrgis kinnisvara omandi\u00f5igust kinnitav dokument kannab nime Tapu.<br \/>\nSelle t\u00f5endi v\u00e4ljastab linna katastriamet. Kinnisvara omandi\u00f5iguse fakt f\u00fc\u00fcsilisele v\u00f5i juriidilisele isikule kantakse registriraamatusse.<\/p>\n<p>Roosa tapu v\u00e4ljastatakse kinnisvarale, milleks on elamu, \u00e4riobjekt v\u00f5i muu ehitus.[\/vc_column_text][\/vc_column][\/vc_row][vc_row][vc_column][vc_column_text]Tapu sisaldab j\u00e4rgmist teavet:<\/p>\n<ul>\n<li>maat\u00fcki aadress ja number, millel kinnistu asub<\/li>\n<li>omaniku foto<\/li>\n<li>omaniku teave<\/li>\n<li>omaniku ostukuup\u00e4ev<\/li>\n<li>teave maat\u00fcki registreerimise kohta Katastriametis<\/li>\n<li>kinnisvara t\u00fc\u00fcp (maat\u00fckk, hoone jne)<\/li>\n<li>kinnisvara staatus (eraldi objekt, osa objektist, osakasutus)<\/li>\n<li>seerianumber ja registreerimisandmed TAPU<\/li>\n<li>maapind (proportsionaalselt soetatud eluaseme suurusega)<\/li>\n<li>ostetava kinnisvara v\u00e4\u00e4rtus<\/li>\n<li>volitatud isiku allkiri ja katastriosakonna pitsat vms.<\/li>\n<\/ul>\n<p>Pane t\u00e4hele:<br \/>\nSinine tapu v\u00e4ljastatakse kinnistule, mis kujutab endast maad, p\u00f5lde, aedu ja muid hoonestamata alasid.[\/vc_column_text][\/vc_column][\/vc_row][vc_row][vc_column][vc_column_text]T\u00fcrgis korteri v\u00f5i villa ostmisel peab kinnisvara omandi\u00f5iguse tunnistuse (T\u00fcrgis nimetatakse seda dokumenti TAPU) saamiseks dokumentide vormistamiseks ostjal olema ainult v\u00e4lispass. passi. K\u00f5ik muud dokumendid t\u00f6\u00f6deldakse kohapeal T\u00fcrgis.[\/vc_column_text][\/vc_column][\/vc_row]<\/p>\n","protected":false},"excerpt":{"rendered":"<p>[vc_row][vc_column width=&#8221;1\/3&#8243;][vc_single_image image=&#8221;3465&#8243; img_size=&#8221;medium&#8221; onclick=&#8221;link_image&#8221;][\/vc_column][vc_column width=&#8221;2\/3&#8243;][vc_column_text]T\u00fcrgis kinnisvara omandi\u00f5igust kinnitav dokument kannab nime Tapu. Selle t\u00f5endi v\u00e4ljastab linna katastriamet. Kinnisvara omandi\u00f5iguse fakt f\u00fc\u00fcsilisele v\u00f5i juriidilisele isikule kantakse registriraamatusse. Roosa tapu v\u00e4ljastatakse kinnisvarale, milleks on elamu, \u00e4riobjekt v\u00f5i muu ehitus.[\/vc_column_text][\/vc_column][\/vc_row][vc_row][vc_column][vc_column_text]Tapu sisaldab j\u00e4rgmist teavet: maat\u00fcki aadress ja number, millel kinnistu asub omaniku foto omaniku teave omaniku ostukuup\u00e4ev teave [&hellip;]<\/p>\n","protected":false},"author":22,"featured_media":3465,"parent":2199,"menu_order":0,"comment_status":"closed","ping_status":"closed","template":"page_right-sidebar-with-top-title.php","meta":{"footnotes":""},"class_list":["post-2732","page","type-page","status-publish","has-post-thumbnail","hentry"],"acf":[],"_links":{"self":[{"href":"https:\/\/duerealestate.com\/et\/wp-json\/wp\/v2\/pages\/2732","targetHints":{"allow":["GET"]}}],"collection":[{"href":"https:\/\/duerealestate.com\/et\/wp-json\/wp\/v2\/pages"}],"about":[{"href":"https:\/\/duerealestate.com\/et\/wp-json\/wp\/v2\/types\/page"}],"author":[{"embeddable":true,"href":"https:\/\/duerealestate.com\/et\/wp-json\/wp\/v2\/users\/22"}],"replies":[{"embeddable":true,"href":"https:\/\/duerealestate.com\/et\/wp-json\/wp\/v2\/comments?post=2732"}],"version-history":[{"count":4,"href":"https:\/\/duerealestate.com\/et\/wp-json\/wp\/v2\/pages\/2732\/revisions"}],"predecessor-version":[{"id":15314,"href":"https:\/\/duerealestate.com\/et\/wp-json\/wp\/v2\/pages\/2732\/revisions\/15314"}],"up":[{"embeddable":true,"href":"https:\/\/duerealestate.com\/et\/wp-json\/wp\/v2\/pages\/2199"}],"wp:featuredmedia":[{"embeddable":true,"href":"https:\/\/duerealestate.com\/et\/wp-json\/wp\/v2\/media\/3465"}],"wp:attachment":[{"href":"https:\/\/duerealestate.com\/et\/wp-json\/wp\/v2\/media?parent=2732"}],"curies":[{"name":"wp","href":"https:\/\/api.w.org\/{rel}","templated":true}]}}