{"id":1719,"date":"2017-05-05T15:22:08","date_gmt":"2017-05-05T15:22:08","guid":{"rendered":"http:\/\/export-1.test-tangibledesign.net\/?page_id=1719"},"modified":"2022-09-25T12:24:18","modified_gmt":"2022-09-25T09:24:18","slug":"about-us","status":"publish","type":"page","link":"https:\/\/duerealestate.com\/tr\/about-us\/","title":{"rendered":"Hakk\u0131m\u0131zda"},"content":{"rendered":"<p>[vc_row][vc_column css=&#8221;.vc_custom_1512407858131{padding-top: 12px !important;padding-bottom: 24px !important;}&#8221;]<div class=\"mh-heading-wrapper--left \">\r\n\t\r\n        <div class=\"mh-heading-wrapper\">\r\n            <h3            class=\"mh-heading  mh-heading--bottom-separator    vc_custom_1608988384325\"\r\n            style=\"font-weight:700;\">\r\n\t\t\tHAkKIMIZDA        <\/h3>\r\n\r\n\t\t    <\/div>\r\n\r\n\t<\/div>[vc_column_text]<strong>Due Real Estate<\/strong> sadece bir gayrimenkul \u00e7\u00f6z\u00fcm\u00fc de\u011fildir, gayrimenkul edinme prosed\u00fcr\u00fcn\u00fcn, sat\u0131\u015f sonras\u0131 hizmetin, gayrimenkul y\u00f6netiminin t\u00fcm a\u015famalar\u0131nda her m\u00fc\u015fteriye bireysel bir yakla\u015f\u0131ma dayanan bir m\u00fc\u015fteri deste\u011fidir.<\/p>\n<p><strong>Due Real Estate<\/strong> g\u00fcvenilir bir dost, yard\u0131mc\u0131 ve ortakt\u0131r. M\u00fc\u015fterilerimizin beklentilerini a\u015fan bireysel i\u015f projelerini hayata ge\u00e7irmek i\u00e7in yap\u0131c\u0131 ortakl\u0131klar sa\u011fl\u0131yoruz.[\/vc_column_text][\/vc_column][\/vc_row][vc_row][vc_column]<div class=\" \">\r\n\t\r\n        <div class=\"mh-heading-wrapper\">\r\n            <h2            class=\"mh-heading  mh-heading--bottom-separator   \"\r\n            style=\"font-weight:700;\">\r\n\t\t\tM\u00fc\u015fterilerimiz ne d\u00fc\u015f\u00fcn\u00fcyor        <\/h2>\r\n\r\n\t\t    <\/div>\r\n\r\n\t<\/div>\t<div class=\"owl-carousel owl-carousel--visible-1  mh-testimonials--dark mh-testimonials--standard\">\r\n\t\t\t\t\t<div class=\"item\">\r\n\t\t\t\t<article class=\"mh-testimonial\">\r\n\t\t\t\t\t<div class=\"mh-testimonial__inner\">\r\n\t\t\t\t\t\t<blockquote class=\"mh-testimonial__text\">\r\n\t\t\t\t\t\t\t\t\t\t\t\t\t<\/blockquote>\r\n\t\t\t\t\t\t<div class=\"mh-testimonial__photo\">\r\n\t\t\t\t\t\t\t\t\t\t\t\t\t<\/div>\r\n\r\n\t\t\t\t\t\t\t\t\t\t\t\t\t<div class=\"mh-testimonial__author-info\">\r\n\t\t\t\t\t\t\t\t\t\t\t\t\t\t\t\t\t<h3 class=\"mh-testimonial__author\">\r\n\t\t\t\t\t\t\t\t\t\tMerve Ana\u00e7\t\t\t\t\t\t\t\t\t<\/h3>\r\n\t\t\t\t\t\t\t\t\r\n\t\t\t\t\t\t\t\t\t\t\t\t\t\t\t\t\t<div class=\"mh-testimonial__occupation\">\r\n\t\t\t\t\t\t\t\t\t\tMerve Ana\u00e7\t\t\t\t\t\t\t\t\t<\/div>\r\n\t\t\t\t\t\t\t\t\t\t\t\t\t\t\t<\/div>\r\n\t\t\t\t\t\t\t\t\t\t\t<\/div>\r\n\t\t\t\t<\/article>\r\n\t\t\t<\/div>\r\n\t\t\t\t\t<div class=\"item\">\r\n\t\t\t\t<article class=\"mh-testimonial\">\r\n\t\t\t\t\t<div class=\"mh-testimonial__inner\">\r\n\t\t\t\t\t\t<blockquote class=\"mh-testimonial__text\">\r\n\t\t\t\t\t\t\t<p>Akdeniz k\u0131y\u0131s\u0131nda konaklama arayan herkese iyi g\u00fcnler. Emlak acentesi Due Real Estate&#8217;a \u015f\u00fckranlar\u0131m\u0131 sunuyorum.<\/p>\n\t\t\t\t\t\t<\/blockquote>\r\n\t\t\t\t\t\t<div class=\"mh-testimonial__photo\">\r\n\t\t\t\t\t\t\t\t\t<img\r\n\t\t\t\t\t\t\tdata-srcset=\"https:\/\/duerealestate.com\/wp-content\/uploads\/2017\/02\/Willard-Donovan-100x100.jpg 100w, https:\/\/duerealestate.com\/wp-content\/uploads\/2017\/02\/Willard-Donovan-300x300.jpg 300w, https:\/\/duerealestate.com\/wp-content\/uploads\/2017\/02\/Willard-Donovan-150x150.jpg 150w, https:\/\/duerealestate.com\/wp-content\/uploads\/2017\/02\/Willard-Donovan-400x400.jpg 400w, https:\/\/duerealestate.com\/wp-content\/uploads\/2017\/02\/Willard-Donovan-200x200.jpg 200w, https:\/\/duerealestate.com\/wp-content\/uploads\/2017\/02\/Willard-Donovan.jpg 634w\"\r\n\t\t\t\tclass=\"lazyload \"\r\n\t\t\t\tdata-sizes=\"auto\"\r\n\t\t\t\t\t\talt=\"Willard Donovan\"\r\n\t\t>\r\n\t\t\t\t\t\t\t\t<\/div>\r\n\r\n\t\t\t\t\t\t\t\t\t\t\t\t\t<div class=\"mh-testimonial__author-info\">\r\n\t\t\t\t\t\t\t\t\t\t\t\t\t\t\t\t\t<h3 class=\"mh-testimonial__author\">\r\n\t\t\t\t\t\t\t\t\t\tWillard Donovan\t\t\t\t\t\t\t\t\t<\/h3>\r\n\t\t\t\t\t\t\t\t\r\n\t\t\t\t\t\t\t\t\t\t\t\t\t\t\t\t\t<div class=\"mh-testimonial__occupation\">\r\n\t\t\t\t\t\t\t\t\t\t\u0130sve\u00e7\t\t\t\t\t\t\t\t\t<\/div>\r\n\t\t\t\t\t\t\t\t\t\t\t\t\t\t\t<\/div>\r\n\t\t\t\t\t\t\t\t\t\t\t<\/div>\r\n\t\t\t\t<\/article>\r\n\t\t\t<\/div>\r\n\t\t\t\t\t<div class=\"item\">\r\n\t\t\t\t<article class=\"mh-testimonial\">\r\n\t\t\t\t\t<div class=\"mh-testimonial__inner\">\r\n\t\t\t\t\t\t<blockquote class=\"mh-testimonial__text\">\r\n\t\t\t\t\t\t\t<p>We would like to thank you quite warmly! By you we have found not only a wonderful flat in Alanya, but we were consulted from you and still are very actual and nice &#8211; if at authorities and bank or by the furniture purchase.<\/p>\n\t\t\t\t\t\t<\/blockquote>\r\n\t\t\t\t\t\t<div class=\"mh-testimonial__photo\">\r\n\t\t\t\t\t\t\t\t\t<img\r\n\t\t\t\t\t\t\tdata-srcset=\"https:\/\/duerealestate.com\/wp-content\/uploads\/2017\/02\/Orpha-Letitia-100x100.jpg 100w, https:\/\/duerealestate.com\/wp-content\/uploads\/2017\/02\/Orpha-Letitia-300x300.jpg 300w, https:\/\/duerealestate.com\/wp-content\/uploads\/2017\/02\/Orpha-Letitia-150x150.jpg 150w, https:\/\/duerealestate.com\/wp-content\/uploads\/2017\/02\/Orpha-Letitia-400x400.jpg 400w, https:\/\/duerealestate.com\/wp-content\/uploads\/2017\/02\/Orpha-Letitia-200x200.jpg 200w, https:\/\/duerealestate.com\/wp-content\/uploads\/2017\/02\/Orpha-Letitia.jpg 634w\"\r\n\t\t\t\tclass=\"lazyload \"\r\n\t\t\t\tdata-sizes=\"auto\"\r\n\t\t\t\t\t\talt=\"Orpha Letitia\"\r\n\t\t>\r\n\t\t\t\t\t\t\t\t<\/div>\r\n\r\n\t\t\t\t\t\t\t\t\t\t\t\t\t<div class=\"mh-testimonial__author-info\">\r\n\t\t\t\t\t\t\t\t\t\t\t\t\t\t\t\t\t<h3 class=\"mh-testimonial__author\">\r\n\t\t\t\t\t\t\t\t\t\tOrpha Letitia\t\t\t\t\t\t\t\t\t<\/h3>\r\n\t\t\t\t\t\t\t\t\r\n\t\t\t\t\t\t\t\t\t\t\t\t\t\t\t\t\t<div class=\"mh-testimonial__occupation\">\r\n\t\t\t\t\t\t\t\t\t\tRusya\t\t\t\t\t\t\t\t\t<\/div>\r\n\t\t\t\t\t\t\t\t\t\t\t\t\t\t\t<\/div>\r\n\t\t\t\t\t\t\t\t\t\t\t<\/div>\r\n\t\t\t\t<\/article>\r\n\t\t\t<\/div>\r\n\t\t\t\t\t<div class=\"item\">\r\n\t\t\t\t<article class=\"mh-testimonial\">\r\n\t\t\t\t\t<div class=\"mh-testimonial__inner\">\r\n\t\t\t\t\t\t<blockquote class=\"mh-testimonial__text\">\r\n\t\t\t\t\t\t\t<p>g\u00fcvenilir &#8211; dost &#8211; m\u00fc\u015fteri odakl\u0131. 2020 yaz\u0131nda Mahmutlar&#8217;da bir m\u00fclk sat\u0131n ald\u0131k ve hala fazlas\u0131yla memnunuz. Sunstar ekibi ilk ziyaretten sat\u0131n almaya kadar bize her \u015fey dahil bir paket sundu. \u00dcstelik Due Real Estate bizi her zaman s\u00f6z ve eylemlerle destekledi. \u00c7\u00f6z\u00fclemeyen sorunlar ya da durumlar yoktu! T\u00fcrkiye&#8217;de kald\u0131\u011f\u0131m\u0131z s\u00fcre boyunca ofisi ziyaret edebilirsek seviniriz<\/p>\n\t\t\t\t\t\t<\/blockquote>\r\n\t\t\t\t\t\t<div class=\"mh-testimonial__photo\">\r\n\t\t\t\t\t\t\t\t\t<img\r\n\t\t\t\t\t\t\tdata-srcset=\"https:\/\/duerealestate.com\/wp-content\/uploads\/2017\/02\/Alana-Dyan-100x100.jpg 100w, https:\/\/duerealestate.com\/wp-content\/uploads\/2017\/02\/Alana-Dyan-300x300.jpg 300w, https:\/\/duerealestate.com\/wp-content\/uploads\/2017\/02\/Alana-Dyan-150x150.jpg 150w, https:\/\/duerealestate.com\/wp-content\/uploads\/2017\/02\/Alana-Dyan-400x400.jpg 400w, https:\/\/duerealestate.com\/wp-content\/uploads\/2017\/02\/Alana-Dyan-200x200.jpg 200w, https:\/\/duerealestate.com\/wp-content\/uploads\/2017\/02\/Alana-Dyan.jpg 634w\"\r\n\t\t\t\tclass=\"lazyload \"\r\n\t\t\t\tdata-sizes=\"auto\"\r\n\t\t\t\t\t\talt=\"Alana Dyan\"\r\n\t\t>\r\n\t\t\t\t\t\t\t\t<\/div>\r\n\r\n\t\t\t\t\t\t\t\t\t\t\t\t\t<div class=\"mh-testimonial__author-info\">\r\n\t\t\t\t\t\t\t\t\t\t\t\t\t\t\t\t\t<h3 class=\"mh-testimonial__author\">\r\n\t\t\t\t\t\t\t\t\t\tAlana Dyan\t\t\t\t\t\t\t\t\t<\/h3>\r\n\t\t\t\t\t\t\t\t\r\n\t\t\t\t\t\t\t\t\t\t\t\t\t\t\t\t\t<div class=\"mh-testimonial__occupation\">\r\n\t\t\t\t\t\t\t\t\t\tDanimarka\t\t\t\t\t\t\t\t\t<\/div>\r\n\t\t\t\t\t\t\t\t\t\t\t\t\t\t\t<\/div>\r\n\t\t\t\t\t\t\t\t\t\t\t<\/div>\r\n\t\t\t\t<\/article>\r\n\t\t\t<\/div>\r\n\t\t\t<\/div>\r\n[\/vc_column][\/vc_row][vc_row full_width=&#8221;stretch_row&#8221; css=&#8221;.vc_custom_1608987457755{background-color: #f4f4f4 !important;}&#8221;][vc_column css=&#8221;.vc_custom_1494333727302{padding-top: 39px !important;padding-bottom: 24px !important;}&#8221;]<div class=\" \">\r\n\t\r\n        <div class=\"mh-heading-wrapper\">\r\n            <h4            class=\"mh-heading  mh-heading--bottom-separator    vc_custom_1608988631472\"\r\n            style=\"font-weight:700;\">\r\n\t\t\t\u0130\u015f Ortaklar\u0131m\u0131z        <\/h4>\r\n\r\n\t\t    <\/div>\r\n\r\n\t<\/div>\t<div class=\"owl-carousel mh-clients owl-carousel--visible-5  \">\r\n\t\t\t\t\t<div class=\"item\">\r\n\t\t\t\t<div class=\"mh-client\">\r\n\t\t\t\t\tMerve Ana\u00e7\t\t\t\t<\/div>\r\n\t\t\t<\/div>\r\n\t\t\t\t\t<div class=\"item\">\r\n\t\t\t\t<div class=\"mh-client\">\r\n\t\t\t\t\t\t\t\t\t\t<a href=\"http:\/\/www.leartes.net\" title=\"Leartes.NET\"\r\n\t\t\t\t\t   target=\"_blank\">\r\n\t\t\t\t\t\t<img loading=\"lazy\" decoding=\"async\" width=\"324\" height=\"56\" src=\"https:\/\/duerealestate.com\/wp-content\/uploads\/2017\/02\/logo-leartes_net.png\" class=\"attachment-full size-full wp-post-image\" alt=\"\" srcset=\"https:\/\/duerealestate.com\/wp-content\/uploads\/2017\/02\/logo-leartes_net.png 324w, https:\/\/duerealestate.com\/wp-content\/uploads\/2017\/02\/logo-leartes_net-300x52.png 300w\" sizes=\"auto, (max-width: 324px) 100vw, 324px\" \/>\t\t\t\t\t<\/a>\r\n\t\t\t\t\t\t\t\t<\/div>\r\n\t\t\t<\/div>\r\n\t\t\t\t\t<div class=\"item\">\r\n\t\t\t\t<div class=\"mh-client\">\r\n\t\t\t\t\t\t\t\t\t\t<a href=\"https:\/\/www.enzahome.com.tr\/\" title=\"Enza Home\"\r\n\t\t\t\t\t   target=\"_blank\">\r\n\t\t\t\t\t\t<img loading=\"lazy\" decoding=\"async\" width=\"324\" height=\"56\" src=\"https:\/\/duerealestate.com\/wp-content\/uploads\/2017\/02\/enza-logo.png\" class=\"attachment-full size-full wp-post-image\" alt=\"\" srcset=\"https:\/\/duerealestate.com\/wp-content\/uploads\/2017\/02\/enza-logo.png 324w, https:\/\/duerealestate.com\/wp-content\/uploads\/2017\/02\/enza-logo-300x52.png 300w\" sizes=\"auto, (max-width: 324px) 100vw, 324px\" \/>\t\t\t\t\t<\/a>\r\n\t\t\t\t\t\t\t\t<\/div>\r\n\t\t\t<\/div>\r\n\t\t\t\t\t<div class=\"item\">\r\n\t\t\t\t<div class=\"mh-client\">\r\n\t\t\t\t\t\t\t\t\t\t<a href=\"https:\/\/www.kamburoglu.com.tr\/\" title=\"Kamburoglu\"\r\n\t\t\t\t\t   target=\"_blank\">\r\n\t\t\t\t\t\t<img loading=\"lazy\" decoding=\"async\" width=\"324\" height=\"56\" src=\"https:\/\/duerealestate.com\/wp-content\/uploads\/2017\/02\/kamburoglu.png\" class=\"attachment-full size-full wp-post-image\" alt=\"\" srcset=\"https:\/\/duerealestate.com\/wp-content\/uploads\/2017\/02\/kamburoglu.png 324w, https:\/\/duerealestate.com\/wp-content\/uploads\/2017\/02\/kamburoglu-300x52.png 300w\" sizes=\"auto, (max-width: 324px) 100vw, 324px\" \/>\t\t\t\t\t<\/a>\r\n\t\t\t\t\t\t\t\t<\/div>\r\n\t\t\t<\/div>\r\n\t\t\t\t\t<div class=\"item\">\r\n\t\t\t\t<div class=\"mh-client\">\r\n\t\t\t\t\t\t\t\t\t\t<a href=\"http:\/\/www.mixxtravel.com\/\" title=\"Mixx Travel\"\r\n\t\t\t\t\t   target=\"_blank\">\r\n\t\t\t\t\t\t<img loading=\"lazy\" decoding=\"async\" width=\"324\" height=\"56\" src=\"https:\/\/duerealestate.com\/wp-content\/uploads\/2017\/02\/mixx-travel.png\" class=\"attachment-full size-full wp-post-image\" alt=\"\" srcset=\"https:\/\/duerealestate.com\/wp-content\/uploads\/2017\/02\/mixx-travel.png 324w, https:\/\/duerealestate.com\/wp-content\/uploads\/2017\/02\/mixx-travel-300x52.png 300w\" sizes=\"auto, (max-width: 324px) 100vw, 324px\" \/>\t\t\t\t\t<\/a>\r\n\t\t\t\t\t\t\t\t<\/div>\r\n\t\t\t<\/div>\r\n\t\t\t<\/div>\r\n[\/vc_column][\/vc_row]<\/p>\n","protected":false},"excerpt":{"rendered":"<p>[vc_row][vc_column css=&#8221;.vc_custom_1512407858131{padding-top: 12px !important;padding-bottom: 24px !important;}&#8221;][vc_column_text]Due Real Estate sadece bir gayrimenkul \u00e7\u00f6z\u00fcm\u00fc de\u011fildir, gayrimenkul edinme prosed\u00fcr\u00fcn\u00fcn, sat\u0131\u015f sonras\u0131 hizmetin, gayrimenkul y\u00f6netiminin t\u00fcm a\u015famalar\u0131nda her m\u00fc\u015fteriye bireysel bir yakla\u015f\u0131ma dayanan bir m\u00fc\u015fteri deste\u011fidir. Due Real Estate g\u00fcvenilir bir dost, yard\u0131mc\u0131 ve ortakt\u0131r. M\u00fc\u015fterilerimizin beklentilerini a\u015fan bireysel i\u015f projelerini hayata ge\u00e7irmek i\u00e7in yap\u0131c\u0131 ortakl\u0131klar sa\u011fl\u0131yoruz.[\/vc_column_text][\/vc_column][\/vc_row][vc_row][vc_column][\/vc_column][\/vc_row][vc_row full_width=&#8221;stretch_row&#8221; css=&#8221;.vc_custom_1608987457755{background-color: [&hellip;]<\/p>\n","protected":false},"author":22,"featured_media":0,"parent":0,"menu_order":0,"comment_status":"closed","ping_status":"closed","template":"page_full-width-with-top-title.php","meta":{"footnotes":""},"class_list":["post-1719","page","type-page","status-publish","hentry"],"acf":[],"_links":{"self":[{"href":"https:\/\/duerealestate.com\/tr\/wp-json\/wp\/v2\/pages\/1719","targetHints":{"allow":["GET"]}}],"collection":[{"href":"https:\/\/duerealestate.com\/tr\/wp-json\/wp\/v2\/pages"}],"about":[{"href":"https:\/\/duerealestate.com\/tr\/wp-json\/wp\/v2\/types\/page"}],"author":[{"embeddable":true,"href":"https:\/\/duerealestate.com\/tr\/wp-json\/wp\/v2\/users\/22"}],"replies":[{"embeddable":true,"href":"https:\/\/duerealestate.com\/tr\/wp-json\/wp\/v2\/comments?post=1719"}],"version-history":[{"count":4,"href":"https:\/\/duerealestate.com\/tr\/wp-json\/wp\/v2\/pages\/1719\/revisions"}],"predecessor-version":[{"id":15302,"href":"https:\/\/duerealestate.com\/tr\/wp-json\/wp\/v2\/pages\/1719\/revisions\/15302"}],"wp:attachment":[{"href":"https:\/\/duerealestate.com\/tr\/wp-json\/wp\/v2\/media?parent=1719"}],"curies":[{"name":"wp","href":"https:\/\/api.w.org\/{rel}","templated":true}]}}